{"id":53,"date":"2017-11-12T17:33:49","date_gmt":"2017-11-12T16:33:49","guid":{"rendered":"http:\/\/idealtransport.plautec.de\/?page_id=53"},"modified":"2018-10-30T18:15:39","modified_gmt":"2018-10-30T17:15:39","slug":"sieben-gute-gruende","status":"publish","type":"page","link":"https:\/\/www.idealtransport.de\/?page_id=53","title":{"rendered":"Sieben gute Gr\u00fcnde"},"content":{"rendered":"<h2>&#8230;warum ich glaube, da\u00df ich Ihnen eine vorteilhafte Leistung bieten kann!<img loading=\"lazy\" decoding=\"async\" class=\"size-full wp-image-85 alignright\" src=\"https:\/\/idealtransport.plautec.de\/wp-content\/uploads\/80i39246.jpg\" alt=\"\" width=\"575\" height=\"340\" srcset=\"https:\/\/www.idealtransport.de\/wp-content\/uploads\/80i39246.jpg 575w, https:\/\/www.idealtransport.de\/wp-content\/uploads\/80i39246-300x177.jpg 300w\" sizes=\"(max-width: 575px) 100vw, 575px\" \/><\/h2>\n<ol>\n<li>Weil die Firma ein gut eingef\u00fchrtes und reines Familienunternehmen ist und in meiner Unternehmensphilosophie, der Kunde im Mittelpunkt steht.<\/li>\n<li>Weil ich sehr gro\u00dfen Wert auf die pers\u00f6nliche Beratung vor, w\u00e4hrend und nach dem Umzug lege.<\/li>\n<li>Weil ich als Inhaber bei Bedarf bei den Umz\u00fcgen selbst mit anwesend bin.<\/li>\n<li>Weil ich nur ausgebildetes und festangestelltes Personal besch\u00e4ftige.<\/li>\n<li>Weil bei mir Ehrlichkeit, P\u00fcnktlichkeit und Zuverl\u00e4ssigkeit an vorderster Stelle rangieren.<\/li>\n<li>Weil unser Fuhrpark, unser Lager und unser Equipment unter \u00f6kologischen und umweltschonenden Gesichtspunkten ausgew\u00e4hlt wird.<\/li>\n<li>Weil ich auf teure Hochglanzprospekte und Werbemappen verzichte und die dadurch eingesparten Kosten an meine Kunden weitergebe.<\/li>\n<\/ol>\n","protected":false},"excerpt":{"rendered":"<p>&#8230;warum ich glaube, da\u00df ich Ihnen eine vorteilhafte Leistung bieten kann! Weil die Firma ein gut eingef\u00fchrtes und reines Familienunternehmen ist und in meiner Unternehmensphilosophie, der Kunde im Mittelpunkt steht. Weil ich sehr gro\u00dfen Wert auf die pers\u00f6nliche Beratung vor, w\u00e4hrend und nach dem Umzug lege. Weil ich als Inhaber bei Bedarf bei den Umz\u00fcgen [&hellip;]<\/p>\n","protected":false},"author":1,"featured_media":0,"parent":0,"menu_order":0,"comment_status":"closed","ping_status":"closed","template":"","meta":{"footnotes":""},"_links":{"self":[{"href":"https:\/\/www.idealtransport.de\/index.php?rest_route=\/wp\/v2\/pages\/53"}],"collection":[{"href":"https:\/\/www.idealtransport.de\/index.php?rest_route=\/wp\/v2\/pages"}],"about":[{"href":"https:\/\/www.idealtransport.de\/index.php?rest_route=\/wp\/v2\/types\/page"}],"author":[{"embeddable":true,"href":"https:\/\/www.idealtransport.de\/index.php?rest_route=\/wp\/v2\/users\/1"}],"replies":[{"embeddable":true,"href":"https:\/\/www.idealtransport.de\/index.php?rest_route=%2Fwp%2Fv2%2Fcomments&post=53"}],"version-history":[{"count":10,"href":"https:\/\/www.idealtransport.de\/index.php?rest_route=\/wp\/v2\/pages\/53\/revisions"}],"predecessor-version":[{"id":116,"href":"https:\/\/www.idealtransport.de\/index.php?rest_route=\/wp\/v2\/pages\/53\/revisions\/116"}],"wp:attachment":[{"href":"https:\/\/www.idealtransport.de\/index.php?rest_route=%2Fwp%2Fv2%2Fmedia&parent=53"}],"curies":[{"name":"wp","href":"https:\/\/api.w.org\/{rel}","templated":true}]}}