{"id":21,"date":"2017-11-12T13:36:01","date_gmt":"2017-11-12T12:36:01","guid":{"rendered":"http:\/\/idealtransport.plautec.de\/?page_id=21"},"modified":"2020-01-10T14:57:14","modified_gmt":"2020-01-10T13:57:14","slug":"leistungsspektrum","status":"publish","type":"page","link":"https:\/\/www.idealtransport.de\/?page_id=21","title":{"rendered":"Leistungsspektrum"},"content":{"rendered":"<ul>\n<li style=\"list-style-type: none\">\n<ul>\n<li><img loading=\"lazy\" decoding=\"async\" class=\"size-full wp-image-27 alignright\" src=\"https:\/\/idealtransport.plautec.de\/wp-content\/uploads\/transp7.jpg\" alt=\"\" width=\"165\" height=\"248\" \/>Stadt-, Nah- und Fernumz\u00fcge<\/li>\n<li>\u00dcbersee-Transporte und Verpackungen<\/li>\n<li>B\u00fcro-, Praxis- und gro\u00dfe Projektumz\u00fcge<\/li>\n<li>Klavier-, Fl\u00fcgel- und Schwerguttransporte<\/li>\n<li>Spezialverpackungen und Kunsttransporte<\/li>\n<li>Abbau, Aufbau und \u00c4nderung aller M\u00f6belsysteme<\/li>\n<li>Neum\u00f6belabhol- und Montageservice<\/li>\n<li>K\u00fcchenmontage und Neuplanung inkl. Beschaffung aller Materialien<\/li>\n<li>Zwischen- und Langzeitlagerung im klimatisierten M\u00f6bellager<\/li>\n<li>Beiladungen und Kleintransporte in alle Teile der Welt<\/li>\n<li>&#8220;Do it yourself Umzug&#8221; \u2013 <strong>LKW mit Fachmann zum Sparpreis<\/strong><\/li>\n<\/ul>\n<\/li>\n<\/ul>\n<p><img loading=\"lazy\" decoding=\"async\" class=\"alignnone size-full wp-image-98\" src=\"https:\/\/idealtransport.plautec.de\/wp-content\/uploads\/lkw.jpg\" alt=\"\" width=\"200\" height=\"134\" \/><\/p>\n<blockquote><p>&#8230; denn nur mit dem Fachmann l\u00e4\u00dft sich\u2019s wirklich sparen!<\/p><\/blockquote>\n<p>&nbsp;<\/p>\n","protected":false},"excerpt":{"rendered":"<p>Stadt-, Nah- und Fernumz\u00fcge \u00dcbersee-Transporte und Verpackungen B\u00fcro-, Praxis- und gro\u00dfe Projektumz\u00fcge Klavier-, Fl\u00fcgel- und Schwerguttransporte Spezialverpackungen und Kunsttransporte Abbau, Aufbau und \u00c4nderung aller M\u00f6belsysteme Neum\u00f6belabhol- und Montageservice K\u00fcchenmontage und Neuplanung inkl. Beschaffung aller Materialien Zwischen- und Langzeitlagerung im klimatisierten M\u00f6bellager Beiladungen und Kleintransporte in alle Teile der Welt &#8220;Do it yourself Umzug&#8221; \u2013 LKW [&hellip;]<\/p>\n","protected":false},"author":1,"featured_media":0,"parent":0,"menu_order":0,"comment_status":"closed","ping_status":"closed","template":"","meta":{"footnotes":""},"_links":{"self":[{"href":"https:\/\/www.idealtransport.de\/index.php?rest_route=\/wp\/v2\/pages\/21"}],"collection":[{"href":"https:\/\/www.idealtransport.de\/index.php?rest_route=\/wp\/v2\/pages"}],"about":[{"href":"https:\/\/www.idealtransport.de\/index.php?rest_route=\/wp\/v2\/types\/page"}],"author":[{"embeddable":true,"href":"https:\/\/www.idealtransport.de\/index.php?rest_route=\/wp\/v2\/users\/1"}],"replies":[{"embeddable":true,"href":"https:\/\/www.idealtransport.de\/index.php?rest_route=%2Fwp%2Fv2%2Fcomments&post=21"}],"version-history":[{"count":11,"href":"https:\/\/www.idealtransport.de\/index.php?rest_route=\/wp\/v2\/pages\/21\/revisions"}],"predecessor-version":[{"id":119,"href":"https:\/\/www.idealtransport.de\/index.php?rest_route=\/wp\/v2\/pages\/21\/revisions\/119"}],"wp:attachment":[{"href":"https:\/\/www.idealtransport.de\/index.php?rest_route=%2Fwp%2Fv2%2Fmedia&parent=21"}],"curies":[{"name":"wp","href":"https:\/\/api.w.org\/{rel}","templated":true}]}}